{"id":778,"date":"2019-07-17T11:34:15","date_gmt":"2019-07-17T09:34:15","guid":{"rendered":"http:\/\/www.duo-religo.com\/?page_id=778"},"modified":"2023-01-21T13:29:07","modified_gmt":"2023-01-21T12:29:07","slug":"concert-toulouse","status":"publish","type":"page","link":"https:\/\/www.duo-religo.com\/en\/concert-toulouse\/","title":{"rendered":"Duo Religo"},"content":{"rendered":"[vc_row fullwidth=&#8221;true&#8221; column_padding=&#8221;5&#8243; css=&#8221;.vc_custom_1572371946851{padding-top: 5% !important;padding-bottom: 5% !important;}&#8221;][vc_column width=&#8221;1\/6&#8243;][\/vc_column][vc_column width=&#8221;2\/6&#8243;][mk_image src=&#8221;http:\/\/www.duo-religo.com\/wp-content\/uploads\/2019\/10\/lumieres-creation-jazz.jpg&#8221; image_size=&#8221;full&#8221; svg=&#8221;true&#8221; frame_style=&#8221;shadow_only&#8221; align=&#8221;center&#8221; pxs=&#8221;true&#8221; pxs_x=&#8221;0&#8243; pxs_y=&#8221;-100&#8243; pxs_z=&#8221;0&#8243;][vc_column_text css=&#8221;.vc_custom_1572339983886{margin-bottom: 0px !important;}&#8221;]\n<h4 style=\"text-align: center;\">Nouvelle cr\u00e9ation<span class=\"_5yl5\"> originale<br \/>\nbas\u00e9e sur les interpr\u00e9tations de la lumi\u00e8re en musique<\/span><\/h4>\n[\/vc_column_text][vc_row_inner css=&#8221;.vc_custom_1572340218026{padding-top: 2% !important;padding-bottom: 2% !important;}&#8221;][vc_column_inner width=&#8221;1\/3&#8243;][\/vc_column_inner][vc_column_inner width=&#8221;1\/3&#8243;][vc_btn title=&#8221;ENTRER&#8221; align=&#8221;center&#8221; button_block=&#8221;true&#8221; link=&#8221;url:http%3A%2F%2Fwww.duo-religo.com%2Flumieres%2F|||&#8221;][\/vc_column_inner][vc_column_inner width=&#8221;1\/3&#8243;][\/vc_column_inner][\/vc_row_inner][\/vc_column][vc_column width=&#8221;2\/6&#8243;][mk_image src=&#8221;http:\/\/www.duo-religo.com\/wp-content\/uploads\/2019\/10\/duo-religo-jazz-standards.jpg&#8221; image_size=&#8221;full&#8221; svg=&#8221;true&#8221; frame_style=&#8221;shadow_only&#8221; align=&#8221;center&#8221; pxs=&#8221;true&#8221; pxs_x=&#8221;0&#8243; pxs_y=&#8221;-100&#8243; pxs_z=&#8221;0&#8243;][vc_column_text css=&#8221;.vc_custom_1572362789929{margin-bottom: 0px !important;}&#8221;]\n<h4 style=\"text-align: center;\">Standards Sessions<br \/>\nLe Duo Religo revisite les standards du Monde<\/h4>\n[\/vc_column_text][vc_row_inner css=&#8221;.vc_custom_1572340218026{padding-top: 2% !important;padding-bottom: 2% !important;}&#8221;][vc_column_inner width=&#8221;1\/3&#8243;][\/vc_column_inner][vc_column_inner width=&#8221;1\/3&#8243;][vc_btn title=&#8221;ENTRER&#8221; align=&#8221;center&#8221; button_block=&#8221;true&#8221; link=&#8221;url:http%3A%2F%2Fwww.duo-religo.com%2Fstandards-sessions%2F|||&#8221;][\/vc_column_inner][vc_column_inner width=&#8221;1\/3&#8243;][\/vc_column_inner][\/vc_row_inner][\/vc_column][vc_column width=&#8221;1\/6&#8243;][\/vc_column][\/vc_row]\n","protected":false},"excerpt":{"rendered":"<p>[vc_row fullwidth=&#8221;true&#8221; column_padding=&#8221;5&#8243; css=&#8221;.vc_custom_1572371946851{padding-top: 5% !important;padding-bottom: 5% !important;}&#8221;][vc_column width=&#8221;1\/6&#8243;][\/vc_column][vc_column width=&#8221;2\/6&#8243;][mk_image src=&#8221;http:\/\/www.duo-religo.com\/wp-content\/uploads\/2019\/10\/lumieres-creation-jazz.jpg&#8221; image_size=&#8221;full&#8221; svg=&#8221;true&#8221; frame_style=&#8221;shadow_only&#8221; align=&#8221;center&#8221; pxs=&#8221;true&#8221; pxs_x=&#8221;0&#8243; pxs_y=&#8221;-100&#8243; pxs_z=&#8221;0&#8243;][vc_column_text css=&#8221;.vc_custom_1572339983886{margin-bottom: 0px !important;}&#8221;] Nouvelle cr\u00e9ation originale bas\u00e9e sur les interpr\u00e9tations de la lumi\u00e8re en musique [\/vc_column_text][vc_row_inner css=&#8221;.vc_custom_1572340218026{padding-top: 2% !important;padding-bottom: 2% !important;}&#8221;][vc_column_inner width=&#8221;1\/3&#8243;][\/vc_column_inner][vc_column_inner width=&#8221;1\/3&#8243;][vc_btn title=&#8221;ENTRER&#8221; align=&#8221;center&#8221; button_block=&#8221;true&#8221; link=&#8221;url:http%3A%2F%2Fwww.duo-religo.com%2Flumieres%2F|||&#8221;][\/vc_column_inner][vc_column_inner width=&#8221;1\/3&#8243;][\/vc_column_inner][\/vc_row_inner][\/vc_column][vc_column width=&#8221;2\/6&#8243;][mk_image src=&#8221;http:\/\/www.duo-religo.com\/wp-content\/uploads\/2019\/10\/duo-religo-jazz-standards.jpg&#8221; image_size=&#8221;full&#8221; svg=&#8221;true&#8221; frame_style=&#8221;shadow_only&#8221; align=&#8221;center&#8221; pxs=&#8221;true&#8221; pxs_x=&#8221;0&#8243; [&hellip;]<\/p>\n","protected":false},"author":1,"featured_media":0,"parent":0,"menu_order":0,"comment_status":"closed","ping_status":"closed","template":"","meta":{"_mi_skip_tracking":false,"_exactmetrics_sitenote_active":false,"_exactmetrics_sitenote_note":"","_exactmetrics_sitenote_category":0},"yoast_head":"<!-- This site is optimized with the Yoast SEO plugin v20.7 - https:\/\/yoast.com\/wordpress\/plugins\/seo\/ -->\n<title>Duo Religo - new creation<\/title>\n<meta name=\"description\" content=\"Release in Toulouse 23 &lt; 27 july\" \/>\n<meta name=\"robots\" content=\"index, follow, max-snippet:-1, max-image-preview:large, max-video-preview:-1\" \/>\n<link rel=\"canonical\" href=\"https:\/\/www.duo-religo.com\/en\/concert-toulouse\/\" \/>\n<meta property=\"og:locale\" content=\"en_US\" \/>\n<meta property=\"og:type\" content=\"article\" \/>\n<meta property=\"og:title\" content=\"Duo Religo - new creation\" \/>\n<meta property=\"og:description\" content=\"Release in Toulouse 23 &lt; 27 july\" \/>\n<meta property=\"og:url\" content=\"https:\/\/www.duo-religo.com\/en\/concert-toulouse\/\" \/>\n<meta property=\"og:site_name\" content=\"Religo\" \/>\n<meta property=\"article:publisher\" content=\"https:\/\/www.facebook.com\/Duo-Religo-1554595664848675\" \/>\n<meta property=\"article:modified_time\" content=\"2023-01-21T12:29:07+00:00\" \/>\n<meta name=\"twitter:card\" content=\"summary_large_image\" \/>\n<meta name=\"twitter:site\" content=\"@ReligoDuo\" \/>\n<meta name=\"twitter:label1\" content=\"Est. reading time\" \/>\n\t<meta name=\"twitter:data1\" content=\"1 minute\" \/>\n<script type=\"application\/ld+json\" class=\"yoast-schema-graph\">{\"@context\":\"https:\/\/schema.org\",\"@graph\":[{\"@type\":\"WebPage\",\"@id\":\"https:\/\/www.duo-religo.com\/en\/concert-toulouse\/\",\"url\":\"https:\/\/www.duo-religo.com\/en\/concert-toulouse\/\",\"name\":\"Duo Religo - new creation\",\"isPartOf\":{\"@id\":\"https:\/\/www.duo-religo.com\/#website\"},\"datePublished\":\"2019-07-17T09:34:15+00:00\",\"dateModified\":\"2023-01-21T12:29:07+00:00\",\"description\":\"Release in Toulouse 23 &lt; 27 july\",\"breadcrumb\":{\"@id\":\"https:\/\/www.duo-religo.com\/en\/concert-toulouse\/#breadcrumb\"},\"inLanguage\":\"en-US\",\"potentialAction\":[{\"@type\":\"ReadAction\",\"target\":[\"https:\/\/www.duo-religo.com\/en\/concert-toulouse\/\"]}]},{\"@type\":\"BreadcrumbList\",\"@id\":\"https:\/\/www.duo-religo.com\/en\/concert-toulouse\/#breadcrumb\",\"itemListElement\":[{\"@type\":\"ListItem\",\"position\":1,\"name\":\"Accueil\",\"item\":\"https:\/\/www.duo-religo.com\/en\/\"},{\"@type\":\"ListItem\",\"position\":2,\"name\":\"Duo Religo\"}]},{\"@type\":\"WebSite\",\"@id\":\"https:\/\/www.duo-religo.com\/#website\",\"url\":\"https:\/\/www.duo-religo.com\/\",\"name\":\"Religo\",\"description\":\"Religo, le site officiel du duo avec Nicolas ALGANS &amp; Andr\u00e9 DA SILVA\",\"potentialAction\":[{\"@type\":\"SearchAction\",\"target\":{\"@type\":\"EntryPoint\",\"urlTemplate\":\"https:\/\/www.duo-religo.com\/?s={search_term_string}\"},\"query-input\":\"required name=search_term_string\"}],\"inLanguage\":\"en-US\"}]}<\/script>\n<!-- \/ Yoast SEO plugin. -->","yoast_head_json":{"title":"Duo Religo - new creation","description":"Release in Toulouse 23 &lt; 27 july","robots":{"index":"index","follow":"follow","max-snippet":"max-snippet:-1","max-image-preview":"max-image-preview:large","max-video-preview":"max-video-preview:-1"},"canonical":"https:\/\/www.duo-religo.com\/en\/concert-toulouse\/","og_locale":"en_US","og_type":"article","og_title":"Duo Religo - new creation","og_description":"Release in Toulouse 23 &lt; 27 july","og_url":"https:\/\/www.duo-religo.com\/en\/concert-toulouse\/","og_site_name":"Religo","article_publisher":"https:\/\/www.facebook.com\/Duo-Religo-1554595664848675","article_modified_time":"2023-01-21T12:29:07+00:00","twitter_card":"summary_large_image","twitter_site":"@ReligoDuo","twitter_misc":{"Est. reading time":"1 minute"},"schema":{"@context":"https:\/\/schema.org","@graph":[{"@type":"WebPage","@id":"https:\/\/www.duo-religo.com\/en\/concert-toulouse\/","url":"https:\/\/www.duo-religo.com\/en\/concert-toulouse\/","name":"Duo Religo - new creation","isPartOf":{"@id":"https:\/\/www.duo-religo.com\/#website"},"datePublished":"2019-07-17T09:34:15+00:00","dateModified":"2023-01-21T12:29:07+00:00","description":"Release in Toulouse 23 &lt; 27 july","breadcrumb":{"@id":"https:\/\/www.duo-religo.com\/en\/concert-toulouse\/#breadcrumb"},"inLanguage":"en-US","potentialAction":[{"@type":"ReadAction","target":["https:\/\/www.duo-religo.com\/en\/concert-toulouse\/"]}]},{"@type":"BreadcrumbList","@id":"https:\/\/www.duo-religo.com\/en\/concert-toulouse\/#breadcrumb","itemListElement":[{"@type":"ListItem","position":1,"name":"Accueil","item":"https:\/\/www.duo-religo.com\/en\/"},{"@type":"ListItem","position":2,"name":"Duo Religo"}]},{"@type":"WebSite","@id":"https:\/\/www.duo-religo.com\/#website","url":"https:\/\/www.duo-religo.com\/","name":"Religo","description":"Religo, le site officiel du duo avec Nicolas ALGANS &amp; Andr\u00e9 DA SILVA","potentialAction":[{"@type":"SearchAction","target":{"@type":"EntryPoint","urlTemplate":"https:\/\/www.duo-religo.com\/?s={search_term_string}"},"query-input":"required name=search_term_string"}],"inLanguage":"en-US"}]}},"_links":{"self":[{"href":"https:\/\/www.duo-religo.com\/en\/wp-json\/wp\/v2\/pages\/778"}],"collection":[{"href":"https:\/\/www.duo-religo.com\/en\/wp-json\/wp\/v2\/pages"}],"about":[{"href":"https:\/\/www.duo-religo.com\/en\/wp-json\/wp\/v2\/types\/page"}],"author":[{"embeddable":true,"href":"https:\/\/www.duo-religo.com\/en\/wp-json\/wp\/v2\/users\/1"}],"replies":[{"embeddable":true,"href":"https:\/\/www.duo-religo.com\/en\/wp-json\/wp\/v2\/comments?post=778"}],"version-history":[{"count":0,"href":"https:\/\/www.duo-religo.com\/en\/wp-json\/wp\/v2\/pages\/778\/revisions"}],"wp:attachment":[{"href":"https:\/\/www.duo-religo.com\/en\/wp-json\/wp\/v2\/media?parent=778"}],"curies":[{"name":"wp","href":"https:\/\/api.w.org\/{rel}","templated":true}]}}