{"id":523,"date":"2017-04-26T12:54:10","date_gmt":"2017-04-26T10:54:10","guid":{"rendered":"http:\/\/www.duo-religo.com\/?post_type=product&#038;p=523"},"modified":"2019-07-16T20:39:28","modified_gmt":"2019-07-16T18:39:28","slug":"religo","status":"publish","type":"product","link":"https:\/\/www.duo-religo.com\/en\/boutique\/religo\/","title":{"rendered":"Album RELIGO"},"content":{"rendered":"<ol>\n<li>Falling Grace &#8211; 3:12<\/li>\n<li>Cheio de dedos &#8211; 4:41<\/li>\n<li>Alone Together &#8211; 4:38<\/li>\n<li>Tazones &#8211; 4:18<\/li>\n<li>Good Morning 1 &#8211; 1:26<\/li>\n<li>Seven Steps to Heaven &#8211; 4:09<\/li>\n<li>A Child Is Born &#8211; 4:40<\/li>\n<li>Good Morning 2 &#8211; 1:49<\/li>\n<li>Les amoureux des bancs publics &#8211; 6:50<\/li>\n<li>Without a Song &#8211; 4:41<\/li>\n<li>Wild Flower &#8211; 5:02<\/li>\n<li>Good Morning 3 &#8211; 1:42<\/li>\n<li>Undiu &#8211; 5:08<\/li>\n<\/ol>\n<p>\u2117 2017 <em>Religo<\/em> (Clap production\/Socadisc\/Jazz family)<\/p>\n","protected":false},"excerpt":{"rendered":"<p><strong>Nicolas Algans<\/strong>, trompette \/ <strong>Andr\u00e9 Da Silva<\/strong>, guitare<\/p>\n<p>Avec leur tout premier album, ces deux musiciens nous apportent une lumi\u00e8re chaleureuse et r\u00e9g\u00e9n\u00e9ratrice. \u00c0 une \u00e9poque o\u00f9 l\u2019utopie perd son droit de parole ils ont d\u00e9cid\u00e9 de r\u00e9enchanter la vie. S\u2019il faut une certaine forme de courage pour s\u2019engager dans la voie sobre du duo, surtout celle de l\u2019association trompette\/guitare dont il reste de larges pans \u00e0 d\u00e9fricher, le duo Religo a celui de ne pas c\u00e9der aux sir\u00e8nes de la futilit\u00e9 ou du formatage.<\/p>\n","protected":false},"featured_media":525,"comment_status":"closed","ping_status":"closed","template":"","meta":{"_mi_skip_tracking":false,"_exactmetrics_sitenote_active":false,"_exactmetrics_sitenote_note":"","_exactmetrics_sitenote_category":0},"product_cat":[7],"product_tag":[30],"bundle_layout":"","bundled_by":["528"],"bundled_items":[],"yoast_head":"<!-- This site is optimized with the Yoast SEO plugin v20.7 - https:\/\/yoast.com\/wordpress\/plugins\/seo\/ -->\n<title>Album RELIGO - Religo<\/title>\n<meta name=\"robots\" content=\"index, follow, max-snippet:-1, max-image-preview:large, max-video-preview:-1\" \/>\n<link rel=\"canonical\" href=\"https:\/\/www.duo-religo.com\/boutique\/religo\/\" \/>\n<meta property=\"og:locale\" content=\"en_US\" \/>\n<meta property=\"og:type\" content=\"article\" \/>\n<meta property=\"og:title\" content=\"Album RELIGO - Religo\" \/>\n<meta property=\"og:description\" content=\"Nicolas Algans, trompette \/ Andr\u00e9 Da Silva, guitare  Avec leur tout premier album, ces deux musiciens nous apportent une lumi\u00e8re chaleureuse et r\u00e9g\u00e9n\u00e9ratrice. \u00c0 une \u00e9poque o\u00f9 l\u2019utopie perd son droit de parole ils ont d\u00e9cid\u00e9 de r\u00e9enchanter la vie. S\u2019il faut une certaine forme de courage pour s\u2019engager dans la voie sobre du duo, surtout celle de l\u2019association trompette\/guitare dont il reste de larges pans \u00e0 d\u00e9fricher, le duo Religo a celui de ne pas c\u00e9der aux sir\u00e8nes de la futilit\u00e9 ou du formatage.\" \/>\n<meta property=\"og:url\" content=\"https:\/\/www.duo-religo.com\/boutique\/religo\/\" \/>\n<meta property=\"og:site_name\" content=\"Religo\" \/>\n<meta property=\"article:publisher\" content=\"https:\/\/www.facebook.com\/Duo-Religo-1554595664848675\" \/>\n<meta property=\"article:modified_time\" content=\"2019-07-16T18:39:28+00:00\" \/>\n<meta property=\"og:image\" content=\"https:\/\/www.duo-religo.com\/wp-content\/uploads\/2017\/04\/religo-album-jazz.jpg\" \/>\n\t<meta property=\"og:image:width\" content=\"1200\" \/>\n\t<meta property=\"og:image:height\" content=\"1200\" \/>\n\t<meta property=\"og:image:type\" content=\"image\/jpeg\" \/>\n<meta name=\"twitter:card\" content=\"summary_large_image\" \/>\n<meta name=\"twitter:site\" content=\"@ReligoDuo\" \/>\n<script type=\"application\/ld+json\" class=\"yoast-schema-graph\">{\"@context\":\"https:\/\/schema.org\",\"@graph\":[{\"@type\":\"WebPage\",\"@id\":\"https:\/\/www.duo-religo.com\/boutique\/religo\/\",\"url\":\"https:\/\/www.duo-religo.com\/boutique\/religo\/\",\"name\":\"Album RELIGO - Religo\",\"isPartOf\":{\"@id\":\"https:\/\/www.duo-religo.com\/#website\"},\"datePublished\":\"2017-04-26T10:54:10+00:00\",\"dateModified\":\"2019-07-16T18:39:28+00:00\",\"breadcrumb\":{\"@id\":\"https:\/\/www.duo-religo.com\/boutique\/religo\/#breadcrumb\"},\"inLanguage\":\"en-US\",\"potentialAction\":[{\"@type\":\"ReadAction\",\"target\":[\"https:\/\/www.duo-religo.com\/boutique\/religo\/\"]}]},{\"@type\":\"BreadcrumbList\",\"@id\":\"https:\/\/www.duo-religo.com\/boutique\/religo\/#breadcrumb\",\"itemListElement\":[{\"@type\":\"ListItem\",\"position\":1,\"name\":\"Accueil\",\"item\":\"https:\/\/www.duo-religo.com\/en\/\"},{\"@type\":\"ListItem\",\"position\":2,\"name\":\"Boutique\",\"item\":\"https:\/\/www.duo-religo.com\/boutique\/\"},{\"@type\":\"ListItem\",\"position\":3,\"name\":\"Album RELIGO\"}]},{\"@type\":\"WebSite\",\"@id\":\"https:\/\/www.duo-religo.com\/#website\",\"url\":\"https:\/\/www.duo-religo.com\/\",\"name\":\"Religo\",\"description\":\"Religo, le site officiel du duo avec Nicolas ALGANS &amp; Andr\u00e9 DA SILVA\",\"potentialAction\":[{\"@type\":\"SearchAction\",\"target\":{\"@type\":\"EntryPoint\",\"urlTemplate\":\"https:\/\/www.duo-religo.com\/?s={search_term_string}\"},\"query-input\":\"required name=search_term_string\"}],\"inLanguage\":\"en-US\"}]}<\/script>\n<!-- \/ Yoast SEO plugin. -->","yoast_head_json":{"title":"Album RELIGO - Religo","robots":{"index":"index","follow":"follow","max-snippet":"max-snippet:-1","max-image-preview":"max-image-preview:large","max-video-preview":"max-video-preview:-1"},"canonical":"https:\/\/www.duo-religo.com\/boutique\/religo\/","og_locale":"en_US","og_type":"article","og_title":"Album RELIGO - Religo","og_description":"Nicolas Algans, trompette \/ Andr\u00e9 Da Silva, guitare  Avec leur tout premier album, ces deux musiciens nous apportent une lumi\u00e8re chaleureuse et r\u00e9g\u00e9n\u00e9ratrice. \u00c0 une \u00e9poque o\u00f9 l\u2019utopie perd son droit de parole ils ont d\u00e9cid\u00e9 de r\u00e9enchanter la vie. S\u2019il faut une certaine forme de courage pour s\u2019engager dans la voie sobre du duo, surtout celle de l\u2019association trompette\/guitare dont il reste de larges pans \u00e0 d\u00e9fricher, le duo Religo a celui de ne pas c\u00e9der aux sir\u00e8nes de la futilit\u00e9 ou du formatage.","og_url":"https:\/\/www.duo-religo.com\/boutique\/religo\/","og_site_name":"Religo","article_publisher":"https:\/\/www.facebook.com\/Duo-Religo-1554595664848675","article_modified_time":"2019-07-16T18:39:28+00:00","og_image":[{"width":1200,"height":1200,"url":"https:\/\/www.duo-religo.com\/wp-content\/uploads\/2017\/04\/religo-album-jazz.jpg","type":"image\/jpeg"}],"twitter_card":"summary_large_image","twitter_site":"@ReligoDuo","schema":{"@context":"https:\/\/schema.org","@graph":[{"@type":"WebPage","@id":"https:\/\/www.duo-religo.com\/boutique\/religo\/","url":"https:\/\/www.duo-religo.com\/boutique\/religo\/","name":"Album RELIGO - Religo","isPartOf":{"@id":"https:\/\/www.duo-religo.com\/#website"},"datePublished":"2017-04-26T10:54:10+00:00","dateModified":"2019-07-16T18:39:28+00:00","breadcrumb":{"@id":"https:\/\/www.duo-religo.com\/boutique\/religo\/#breadcrumb"},"inLanguage":"en-US","potentialAction":[{"@type":"ReadAction","target":["https:\/\/www.duo-religo.com\/boutique\/religo\/"]}]},{"@type":"BreadcrumbList","@id":"https:\/\/www.duo-religo.com\/boutique\/religo\/#breadcrumb","itemListElement":[{"@type":"ListItem","position":1,"name":"Accueil","item":"https:\/\/www.duo-religo.com\/en\/"},{"@type":"ListItem","position":2,"name":"Boutique","item":"https:\/\/www.duo-religo.com\/boutique\/"},{"@type":"ListItem","position":3,"name":"Album RELIGO"}]},{"@type":"WebSite","@id":"https:\/\/www.duo-religo.com\/#website","url":"https:\/\/www.duo-religo.com\/","name":"Religo","description":"Religo, le site officiel du duo avec Nicolas ALGANS &amp; Andr\u00e9 DA SILVA","potentialAction":[{"@type":"SearchAction","target":{"@type":"EntryPoint","urlTemplate":"https:\/\/www.duo-religo.com\/?s={search_term_string}"},"query-input":"required name=search_term_string"}],"inLanguage":"en-US"}]}},"_links":{"self":[{"href":"https:\/\/www.duo-religo.com\/en\/wp-json\/wp\/v2\/product\/523"}],"collection":[{"href":"https:\/\/www.duo-religo.com\/en\/wp-json\/wp\/v2\/product"}],"about":[{"href":"https:\/\/www.duo-religo.com\/en\/wp-json\/wp\/v2\/types\/product"}],"replies":[{"embeddable":true,"href":"https:\/\/www.duo-religo.com\/en\/wp-json\/wp\/v2\/comments?post=523"}],"wp:featuredmedia":[{"embeddable":true,"href":"https:\/\/www.duo-religo.com\/en\/wp-json\/wp\/v2\/media\/525"}],"wp:attachment":[{"href":"https:\/\/www.duo-religo.com\/en\/wp-json\/wp\/v2\/media?parent=523"}],"wp:term":[{"taxonomy":"product_cat","embeddable":true,"href":"https:\/\/www.duo-religo.com\/en\/wp-json\/wp\/v2\/product_cat?post=523"},{"taxonomy":"product_tag","embeddable":true,"href":"https:\/\/www.duo-religo.com\/en\/wp-json\/wp\/v2\/product_tag?post=523"}],"curies":[{"name":"wp","href":"https:\/\/api.w.org\/{rel}","templated":true}]}}