{"id":614,"date":"2017-09-04T16:05:41","date_gmt":"2017-09-04T14:05:41","guid":{"rendered":"http:\/\/www.duo-religo.com\/?post_type=product&#038;p=614"},"modified":"2019-07-16T20:37:45","modified_gmt":"2019-07-16T18:37:45","slug":"concert-22-septembre-2017","status":"publish","type":"product","link":"https:\/\/www.duo-religo.com\/en\/boutique\/concert-22-septembre-2017\/","title":{"rendered":"Duo Religo &#038; Markit Zero at home !"},"content":{"rendered":"<h3>Soir\u00e9e repas + concert \u00e0 la maison (Tournefeuille &#8211; 31) !<\/h3>\n<p><strong>Le <a href=\"http:\/\/www.duo-religo.com\" target=\"_blank\" rel=\"noopener\">Duo Religo<\/a> et <a href=\"http:\/\/www.markitzero-epk.com\/\" target=\"_blank\" rel=\"noopener\">Markit Zero<\/a> sont heureux de vous recevoir \u00e0 la maison pour partager un repas &amp; concerts en toute convivialit\u00e9.<\/strong><br \/>\n<strong> Au menu, jazz et feijoada, un plat traditionnel Br\u00e9silien !<br \/>\n<\/strong><\/p>\n<h3>Duo Religo<\/h3>\n<h3><img decoding=\"async\" loading=\"lazy\" class=\"alignleft wp-image-525\" src=\"http:\/\/www.duo-religo.com\/wp-content\/uploads\/2017\/04\/religo-album-jazz-300x300.jpg\" alt=\"\" width=\"180\" height=\"180\" srcset=\"https:\/\/www.duo-religo.com\/wp-content\/uploads\/2017\/04\/religo-album-jazz-300x300.jpg 300w, https:\/\/www.duo-religo.com\/wp-content\/uploads\/2017\/04\/religo-album-jazz-100x100.jpg 100w, https:\/\/www.duo-religo.com\/wp-content\/uploads\/2017\/04\/religo-album-jazz-150x150.jpg 150w, https:\/\/www.duo-religo.com\/wp-content\/uploads\/2017\/04\/religo-album-jazz-768x768.jpg 768w, https:\/\/www.duo-religo.com\/wp-content\/uploads\/2017\/04\/religo-album-jazz-1024x1024.jpg 1024w, https:\/\/www.duo-religo.com\/wp-content\/uploads\/2017\/04\/religo-album-jazz-500x500.jpg 500w, https:\/\/www.duo-religo.com\/wp-content\/uploads\/2017\/04\/religo-album-jazz-1000x1000.jpg 1000w, https:\/\/www.duo-religo.com\/wp-content\/uploads\/2017\/04\/religo-album-jazz-550x550.jpg 550w, https:\/\/www.duo-religo.com\/wp-content\/uploads\/2017\/04\/religo-album-jazz-1100x1100.jpg 1100w, https:\/\/www.duo-religo.com\/wp-content\/uploads\/2017\/04\/religo-album-jazz-225x225.jpg 225w, https:\/\/www.duo-religo.com\/wp-content\/uploads\/2017\/04\/religo-album-jazz-200x200.jpg 200w, https:\/\/www.duo-religo.com\/wp-content\/uploads\/2017\/04\/religo-album-jazz-400x400.jpg 400w, https:\/\/www.duo-religo.com\/wp-content\/uploads\/2017\/04\/religo-album-jazz-600x600.jpg 600w, https:\/\/www.duo-religo.com\/wp-content\/uploads\/2017\/04\/religo-album-jazz-266x266.jpg 266w, https:\/\/www.duo-religo.com\/wp-content\/uploads\/2017\/04\/religo-album-jazz.jpg 1200w\" sizes=\"(max-width: 180px) 100vw, 180px\" \/><\/h3>\n<p>Avec leur tout premier album, ces deux musiciens nous apportent une lumi\u00e8re chaleureuse et r\u00e9g\u00e9n\u00e9ratrice. \u00c0 une \u00e9poque o\u00f9 l\u2019utopie perd son droit de parole ils ont d\u00e9cid\u00e9 de r\u00e9enchanter la vie. S\u2019il faut une certaine forme de courage pour s\u2019engager dans la voie sobre du duo, surtout celle de l\u2019association trompette\/guitare dont il reste de larges pans \u00e0 d\u00e9fricher, le duo Religo a celui de ne pas c\u00e9der aux sir\u00e8nes de la futilit\u00e9 ou du formatage.<a href=\"http:\/\/www.duo-religo.com\/duoreligo\/\" target=\"_blank\" rel=\"noopener\"><br \/>\nEn savoir plus<\/a><\/p>\n<p><strong>Nicolas Algans<\/strong>, trompette \/\/ <strong>Andr\u00e9 Da Silva<\/strong>, guitare<\/p>\n<div style=\"clear: both; margn-bottom: 20px;\"><\/div>\n<div>\n<h3>Markit Zero<\/h3>\n<\/div>\n<h3><img decoding=\"async\" loading=\"lazy\" class=\"alignleft wp-image-625\" src=\"http:\/\/www.duo-religo.com\/wp-content\/uploads\/2017\/09\/markit-zero-300x300.jpg\" alt=\"Markit Zero\" width=\"180\" height=\"180\" srcset=\"https:\/\/www.duo-religo.com\/wp-content\/uploads\/2017\/09\/markit-zero-300x300.jpg 300w, https:\/\/www.duo-religo.com\/wp-content\/uploads\/2017\/09\/markit-zero-500x500.jpg 500w, https:\/\/www.duo-religo.com\/wp-content\/uploads\/2017\/09\/markit-zero-100x100.jpg 100w, https:\/\/www.duo-religo.com\/wp-content\/uploads\/2017\/09\/markit-zero-150x150.jpg 150w, https:\/\/www.duo-religo.com\/wp-content\/uploads\/2017\/09\/markit-zero-768x768.jpg 768w, https:\/\/www.duo-religo.com\/wp-content\/uploads\/2017\/09\/markit-zero.jpg 960w\" sizes=\"(max-width: 180px) 100vw, 180px\" \/><\/h3>\n<p>Markit Zero met l\u2019\u00e9motion au centre de sa musique. Les compositions sont pens\u00e9es comme de longues fresques sonores dans lesquelles l\u2019auditeur est invit\u00e9 \u00e0 voyager. La musique peut d\u00e9crire le d\u00e9roulement d\u2019une belle journ\u00e9e en Guadeloupe, ou encore \u00eatre \u00e9crite comme un orgasme, commen\u00e7ant doucement \u00e0 monter, puis \u00e0 s\u2019intensifier par paliers pour finir en extase. Le groupe toulousain r\u00e9uni cinq fortes personnalit\u00e9s artistiques qui ont su m\u00e9tisser leurs diff\u00e9rents univers pour aboutir \u00e0 un son de groupe unique.<a href=\"http:\/\/www.markitzero-epk.com\/#bio\" target=\"_blank\" rel=\"noopener\"><br \/>\nEn savoir plus<\/a><\/p>\n<p><strong><span class=\"musicien\">Dorian Dutech<\/span><\/strong>, Guitare \/\/ <span class=\"musicien\"><strong>Jules Gabriel<\/strong>,<\/span> Claviers \/\/<strong><span class=\"musicien\">Carla Gaudr\u00e9<\/span><\/strong>, Saxophone \/\/ <strong><span class=\"musicien\">Henri Lass\u00e9millante<\/span><\/strong>, Contrebasse \/\/<strong><span class=\"musicien\">Kulus\u00e9 Souriant<\/span><\/strong>, Batterie<\/p>\n<p>Place limit\u00e9es uniquement sur le site <a href=\"http:\/\/www.duo-religo.com\/boutique\/concert-tournefeuille\/\">www.duo-religo.com<\/a><br \/>\nPaf : 10 \u20ac \/\/ Pr\u00e9vente\u00a0 jusqu&#8217;au 17 Septembre : 8 \u20ac<\/p>\n","protected":false},"excerpt":{"rendered":"<p>[JAZZ] CONCERTS<br \/>\nProximit\u00e9 : Toulouse<br \/>\nTarif r\u00e9duit jusqu&#8217;au 17 Septembre 2017<br \/>\n2 groupes + Repas br\u00e9silien<\/p>\n","protected":false},"featured_media":637,"comment_status":"closed","ping_status":"closed","template":"","meta":{"_mi_skip_tracking":false,"_exactmetrics_sitenote_active":false,"_exactmetrics_sitenote_note":"","_exactmetrics_sitenote_category":0},"product_cat":[28],"product_tag":[],"bundle_layout":"","bundled_by":[],"bundled_items":[],"yoast_head":"<!-- This site is optimized with the Yoast SEO plugin v20.7 - https:\/\/yoast.com\/wordpress\/plugins\/seo\/ -->\n<title>Duo Religo &amp; Markit Zero \/\/ Concert + Feijoada<\/title>\n<meta name=\"description\" content=\"Repas + Concert. Le Duo Religo &amp; Markit Zero sont heureux de vous recevoir \u00e0 la maison. Au menu, jazz et feijoada. R\u00e9servations sur www.duo-religo.com\" \/>\n<meta name=\"robots\" content=\"index, follow, max-snippet:-1, max-image-preview:large, max-video-preview:-1\" \/>\n<link rel=\"canonical\" href=\"https:\/\/www.duo-religo.com\/boutique\/concert-22-septembre-2017\/\" \/>\n<meta property=\"og:locale\" content=\"en_US\" \/>\n<meta property=\"og:type\" content=\"article\" \/>\n<meta property=\"og:title\" content=\"Duo Religo &amp; Markit Zero at home [Concert + Feijoada]\" \/>\n<meta property=\"og:description\" content=\"Les groupes toulousains Duo Religo &amp; Markit Zero sont heureux de vous recevoir \u00e0 la maison pour partager un repas + concert en toute convivialit\u00e9. Au menu, jazz et feijoada. Venez nombreux ! Infos &gt;&gt; http:\/\/www.duo-religo.com\" \/>\n<meta property=\"og:url\" content=\"https:\/\/www.duo-religo.com\/boutique\/concert-22-septembre-2017\/\" \/>\n<meta property=\"og:site_name\" content=\"Religo\" \/>\n<meta property=\"article:publisher\" content=\"https:\/\/www.facebook.com\/Duo-Religo-1554595664848675\" \/>\n<meta property=\"article:modified_time\" content=\"2019-07-16T18:37:45+00:00\" \/>\n<meta property=\"og:image\" content=\"https:\/\/www.duo-religo.com\/wp-content\/uploads\/2017\/09\/jazz-concert-22-septembre-2017.jpg\" \/>\n\t<meta property=\"og:image:width\" content=\"1200\" \/>\n\t<meta property=\"og:image:height\" content=\"619\" \/>\n\t<meta property=\"og:image:type\" content=\"image\/jpeg\" \/>\n<meta name=\"twitter:card\" content=\"summary_large_image\" \/>\n<meta name=\"twitter:site\" content=\"@ReligoDuo\" \/>\n<meta name=\"twitter:label1\" content=\"Est. reading time\" \/>\n\t<meta name=\"twitter:data1\" content=\"1 minute\" \/>\n<script type=\"application\/ld+json\" class=\"yoast-schema-graph\">{\"@context\":\"https:\/\/schema.org\",\"@graph\":[{\"@type\":\"WebPage\",\"@id\":\"https:\/\/www.duo-religo.com\/boutique\/concert-22-septembre-2017\/\",\"url\":\"https:\/\/www.duo-religo.com\/boutique\/concert-22-septembre-2017\/\",\"name\":\"Duo Religo & Markit Zero \/\/ Concert + Feijoada\",\"isPartOf\":{\"@id\":\"https:\/\/www.duo-religo.com\/#website\"},\"datePublished\":\"2017-09-04T14:05:41+00:00\",\"dateModified\":\"2019-07-16T18:37:45+00:00\",\"description\":\"Repas + Concert. Le Duo Religo & Markit Zero sont heureux de vous recevoir \u00e0 la maison. Au menu, jazz et feijoada. R\u00e9servations sur www.duo-religo.com\",\"breadcrumb\":{\"@id\":\"https:\/\/www.duo-religo.com\/boutique\/concert-22-septembre-2017\/#breadcrumb\"},\"inLanguage\":\"en-US\",\"potentialAction\":[{\"@type\":\"ReadAction\",\"target\":[\"https:\/\/www.duo-religo.com\/boutique\/concert-22-septembre-2017\/\"]}]},{\"@type\":\"BreadcrumbList\",\"@id\":\"https:\/\/www.duo-religo.com\/boutique\/concert-22-septembre-2017\/#breadcrumb\",\"itemListElement\":[{\"@type\":\"ListItem\",\"position\":1,\"name\":\"Accueil\",\"item\":\"https:\/\/www.duo-religo.com\/en\/\"},{\"@type\":\"ListItem\",\"position\":2,\"name\":\"Boutique\",\"item\":\"https:\/\/www.duo-religo.com\/boutique\/\"},{\"@type\":\"ListItem\",\"position\":3,\"name\":\"Duo Religo &#038; Markit Zero at home !\"}]},{\"@type\":\"WebSite\",\"@id\":\"https:\/\/www.duo-religo.com\/#website\",\"url\":\"https:\/\/www.duo-religo.com\/\",\"name\":\"Religo\",\"description\":\"Religo, le site officiel du duo avec Nicolas ALGANS &amp; Andr\u00e9 DA SILVA\",\"potentialAction\":[{\"@type\":\"SearchAction\",\"target\":{\"@type\":\"EntryPoint\",\"urlTemplate\":\"https:\/\/www.duo-religo.com\/?s={search_term_string}\"},\"query-input\":\"required name=search_term_string\"}],\"inLanguage\":\"en-US\"}]}<\/script>\n<!-- \/ Yoast SEO plugin. -->","yoast_head_json":{"title":"Duo Religo & Markit Zero \/\/ Concert + Feijoada","description":"Repas + Concert. Le Duo Religo & Markit Zero sont heureux de vous recevoir \u00e0 la maison. Au menu, jazz et feijoada. R\u00e9servations sur www.duo-religo.com","robots":{"index":"index","follow":"follow","max-snippet":"max-snippet:-1","max-image-preview":"max-image-preview:large","max-video-preview":"max-video-preview:-1"},"canonical":"https:\/\/www.duo-religo.com\/boutique\/concert-22-septembre-2017\/","og_locale":"en_US","og_type":"article","og_title":"Duo Religo & Markit Zero at home [Concert + Feijoada]","og_description":"Les groupes toulousains Duo Religo & Markit Zero sont heureux de vous recevoir \u00e0 la maison pour partager un repas + concert en toute convivialit\u00e9. Au menu, jazz et feijoada. Venez nombreux ! Infos >> http:\/\/www.duo-religo.com","og_url":"https:\/\/www.duo-religo.com\/boutique\/concert-22-septembre-2017\/","og_site_name":"Religo","article_publisher":"https:\/\/www.facebook.com\/Duo-Religo-1554595664848675","article_modified_time":"2019-07-16T18:37:45+00:00","og_image":[{"width":1200,"height":619,"url":"https:\/\/www.duo-religo.com\/wp-content\/uploads\/2017\/09\/jazz-concert-22-septembre-2017.jpg","type":"image\/jpeg"}],"twitter_card":"summary_large_image","twitter_site":"@ReligoDuo","twitter_misc":{"Est. reading time":"1 minute"},"schema":{"@context":"https:\/\/schema.org","@graph":[{"@type":"WebPage","@id":"https:\/\/www.duo-religo.com\/boutique\/concert-22-septembre-2017\/","url":"https:\/\/www.duo-religo.com\/boutique\/concert-22-septembre-2017\/","name":"Duo Religo & Markit Zero \/\/ Concert + Feijoada","isPartOf":{"@id":"https:\/\/www.duo-religo.com\/#website"},"datePublished":"2017-09-04T14:05:41+00:00","dateModified":"2019-07-16T18:37:45+00:00","description":"Repas + Concert. Le Duo Religo & Markit Zero sont heureux de vous recevoir \u00e0 la maison. Au menu, jazz et feijoada. R\u00e9servations sur www.duo-religo.com","breadcrumb":{"@id":"https:\/\/www.duo-religo.com\/boutique\/concert-22-septembre-2017\/#breadcrumb"},"inLanguage":"en-US","potentialAction":[{"@type":"ReadAction","target":["https:\/\/www.duo-religo.com\/boutique\/concert-22-septembre-2017\/"]}]},{"@type":"BreadcrumbList","@id":"https:\/\/www.duo-religo.com\/boutique\/concert-22-septembre-2017\/#breadcrumb","itemListElement":[{"@type":"ListItem","position":1,"name":"Accueil","item":"https:\/\/www.duo-religo.com\/en\/"},{"@type":"ListItem","position":2,"name":"Boutique","item":"https:\/\/www.duo-religo.com\/boutique\/"},{"@type":"ListItem","position":3,"name":"Duo Religo &#038; Markit Zero at home !"}]},{"@type":"WebSite","@id":"https:\/\/www.duo-religo.com\/#website","url":"https:\/\/www.duo-religo.com\/","name":"Religo","description":"Religo, le site officiel du duo avec Nicolas ALGANS &amp; Andr\u00e9 DA SILVA","potentialAction":[{"@type":"SearchAction","target":{"@type":"EntryPoint","urlTemplate":"https:\/\/www.duo-religo.com\/?s={search_term_string}"},"query-input":"required name=search_term_string"}],"inLanguage":"en-US"}]}},"_links":{"self":[{"href":"https:\/\/www.duo-religo.com\/en\/wp-json\/wp\/v2\/product\/614"}],"collection":[{"href":"https:\/\/www.duo-religo.com\/en\/wp-json\/wp\/v2\/product"}],"about":[{"href":"https:\/\/www.duo-religo.com\/en\/wp-json\/wp\/v2\/types\/product"}],"replies":[{"embeddable":true,"href":"https:\/\/www.duo-religo.com\/en\/wp-json\/wp\/v2\/comments?post=614"}],"wp:featuredmedia":[{"embeddable":true,"href":"https:\/\/www.duo-religo.com\/en\/wp-json\/wp\/v2\/media\/637"}],"wp:attachment":[{"href":"https:\/\/www.duo-religo.com\/en\/wp-json\/wp\/v2\/media?parent=614"}],"wp:term":[{"taxonomy":"product_cat","embeddable":true,"href":"https:\/\/www.duo-religo.com\/en\/wp-json\/wp\/v2\/product_cat?post=614"},{"taxonomy":"product_tag","embeddable":true,"href":"https:\/\/www.duo-religo.com\/en\/wp-json\/wp\/v2\/product_tag?post=614"}],"curies":[{"name":"wp","href":"https:\/\/api.w.org\/{rel}","templated":true}]}}